{"id":227,"date":"2018-08-16T16:34:44","date_gmt":"2018-08-16T14:34:44","guid":{"rendered":"https:\/\/ietp.thenoklu-studio.com\/mentions-legales\/"},"modified":"2018-08-16T16:34:44","modified_gmt":"2018-08-16T14:34:44","slug":"mentions-legales","status":"publish","type":"page","link":"https:\/\/entreprenanteafrique.thenoklu-studio.com\/en\/mentions-legales\/","title":{"rendered":"Mentions l\u00e9gales"},"content":{"rendered":"<p><strong>MENTIONS LEGALES<\/strong><\/p>\n<p>Le blog Entreprenante Afrique est \u00e9dit\u00e9 par Investisseur et Partenaires (I&amp;P) et la Fondation pour les \u00e9tudes et recherches sur le d\u00e9veloppement international (Ferdi) en partenariat avec le Club Africain des Entrepreneurs.<\/p>\n<p>&nbsp;<\/p>\n<p>I&amp;P et la Ferdi sont situ\u00e9s :<br \/>\n9 rue Notre Dame des Victoires<br \/>\n75002 Paris<\/p>\n<p>&nbsp;<\/p>\n<p>Directeurs de publication : Patrick Guillaumont et Jean-Michel Severino<\/p>\n<p>Coordination: Christophe Angely, J\u00e9r\u00e9my Hajdenberg, Benjamin N&#8217;Dri<\/p>\n<p>Appui \u00e9ditorial : Cl\u00e9mence Bourrin, Emilie Debled, Fabienne Rouanet<\/p>\n<p>&nbsp;<\/p>\n<p>Cr\u00e9dits photographiques : Creative commons, pxhere.com, Unsplash<\/p>\n<p>Le site internet a \u00e9t\u00e9 r\u00e9alis\u00e9 par la soci\u00e9t\u00e9 Work Division.<\/p>\n<p><strong>Propri\u00e9t\u00e9 Intellectuelle<\/strong><\/p>\n<p>Le blog Entreprenante Afrique est la propri\u00e9t\u00e9 d\u2019Investisseurs et partenaires (I&amp;P), de la Fondation pour les \u00e9tudes et recherches sur le d\u00e9veloppement international (Ferdi) et du Club Africain des Entrepreneurs.<\/p>\n<p>Dans le cadre d&#8217;un usage commercial, toute reproduction ou repr\u00e9sentation totale ou partielle des contenus de ce site internet (textes, photographies, graphiques et figures) sans autorisation expresse et pr\u00e9alable des \u00e9diteurs est interdite et constituerait une contrefa\u00e7on sanctionn\u00e9e par les articles L. 335-2 et suivants du Code de la propri\u00e9t\u00e9 intellectuelle.<\/p>\n<p>Dans le cadre d&#8217;un usage non commercial, la reproduction totale ou partielle du contenu de ce site est libre. Elle peut \u00eatre r\u00e9alis\u00e9e sans autorisation des \u00e9diteurs et sans paiement de droits, sous r\u00e9serve que l&#8217;utilisateur s&#8217;engage \u00e0 citer les sources et l&#8217;adresse du blog Entreprenante Afrique (avec un lien hypertexte) sans modification.<\/p>\n<p>Ne pas r\u00e9sumer, modifier ou alt\u00e9rer le contenu du site internet.<\/p>\n<p>Les logos d\u2019I&amp;P, de la Ferdi, du Club Africain des Entrepreneurs et de leurs partenaires figurant sur le site sont des marques d\u00e9pos\u00e9es. Toute reproduction totale ou partielle de ces logos effectu\u00e9e \u00e0 partir des \u00e9l\u00e9ments du site sans l&#8217;autorisation expresse des \u00e9diteurs est donc prohib\u00e9e au sens du Code de la propri\u00e9t\u00e9 intellectuelle.<\/p>\n<p><strong>Liens hypertextes<\/strong><\/p>\n<p>Les \u00e9diteurs d\u00e9clinent toute responsabilit\u00e9 sur le contenu des sites dont ils ne sont pas \u00e9diteurs et qui sont accessibles par l&#8217;interm\u00e9diaire de liens hypertextes.<\/p>\n<p><strong>\u00a0<\/strong><\/p>\n<p><strong>Protection des donn\u00e9es personnelles (RGPD) <\/strong><\/p>\n<p>En Europe, les donn\u00e9es personnelles sont notamment prot\u00e9g\u00e9es par la loi n\u00b0 78-87 du 6 janvier 1978, la loi n\u00b0 2004-801 du 6 ao\u00fbt 2004, l\u2019article L. 226-13 du Code p\u00e9nal et la Directive Europ\u00e9enne du 24 octobre 1995.<\/p>\n<p>Afin de vous offrir le meilleur service possible, WordPress recueille des donn\u00e9es anonymes concernant votre utilisation de notre site Web (par exemple l\u2019historique de navigation et votre journal en date et heure). WordPress recueille ces informations \u00e0 des fins statistiques.<\/p>\n<p>Des donn\u00e9es personnelles sont \u00e9galement stock\u00e9es par WordPress lors de l&#8217;inscription \u00e0 la Newsletter (adresse mail). Votre adresse mail nous est utile pour vous tenir inform\u00e9(e) des actualit\u00e9s du blog. WordPress s&#8217;engage \u00e0 ne pas diffuser ces informations \u00e0 des tiers. <a href=\"https:\/\/wordpress.org\/about\/privacy\/\">En savoir plus<\/a><\/p>\n<p>I&amp;P, la Ferdi et le Club Africain des Entrepreneurs collectent des informations personnelles relatives \u00e0 l\u2019utilisateur pour le besoin de certains services propos\u00e9s par le site\u00a0:<\/p>\n<ul>\n<li>lorsque les auteurs soumettent un article, permettant une signature des articles et un annuaire des auteurs\u00a0;<\/li>\n<li>lorsque vous prenez contact avec nous au travers de la rubrique \u00ab\u00a0contact\u00a0\u00bb afin de pouvoir vous r\u00e9pondre.<\/li>\n<\/ul>\n<p>Vos donn\u00e9es personnelles recueillies dans ce cadre par I&amp;P, la Ferdi et le Club Africain des Entrepreneurs ne sont ni publi\u00e9es \u00e0 l\u2019insu de l\u2019utilisateur, ni \u00e9chang\u00e9es, transf\u00e9r\u00e9es, c\u00e9d\u00e9es ou vendues sur un support quelconque \u00e0 des tiers.<\/p>\n<p><strong>Dur\u00e9e de conservation des donn\u00e9es personnelles<\/strong><\/p>\n<p>Nous gardons les informations vous concernant aussi longtemps que n\u00e9cessaire pour assurer la r\u00e9ception de la newsletter ou notre retour mail lors d\u2019une prise de contact.<\/p>\n<p>Les abonn\u00e9s \u00e0 la Newsletter peuvent se d\u00e9sabonner \u00e0 tout moment et leurs donn\u00e9es ne sont pas conserv\u00e9es.<\/p>\n<p>Les auteurs acceptent \u00a0de signer leur article. Les biographies et photos des auteurs sont publi\u00e9es sur le site avec leur article. Les informations sont disponibles aussi longtemps que n\u00e9cessaire. Le retrait d\u2019une signature entraine le retrait de l\u2019article. La Ferdi et I&amp;P ne conservent pas les donn\u00e9es d\u2019un auteur qui n\u2019aurait pas \u00e9t\u00e9 publi\u00e9.<\/p>\n<p><strong>Gestion des donn\u00e9es personnelles<\/strong><\/p>\n<p>En vertu de la Loi sur la Protection des donn\u00e9es de Fran\u00e7ais \u00ab\u00a0Loi Informatique et Libert\u00e9s\u00a0\u00bb n\u00b0 78-17 en date du 6 janvier 1978, modifi\u00e9e par la loi n\u00b0 2004-801 du 6 ao\u00fbt 2004, vous avez le droit d\u2019acc\u00e8s, de rectification et de demander la suppression de toute donn\u00e9e personnelle vous avez fournies sur ce site Web. Pour exercer ce droit veuillez contacter\u00a0: <a href=\"mailto:contact@entreprenanteafrique.com\">contact@entreprenanteafrique.com<\/a><\/p>\n<p><strong>\u00a0<\/strong><\/p>\n<p><strong>COOKIES <\/strong><\/p>\n<p>La navigation sur le site <a href=\"http:\/\/ietp.thenoklu-studio.com\/\">http:\/\/ietp.thenoklu-studio.com\/<\/a> est susceptible de provoquer l\u2019installation de cookie(s) sur l\u2019ordinateur de l\u2019utilisateur. Un cookie est un fichier de petite taille, qui ne permet pas l\u2019identification de l\u2019utilisateur, mais qui enregistre des informations relatives \u00e0 la navigation d\u2019un ordinateur sur un site. Les donn\u00e9es ainsi obtenues visent \u00e0 faciliter la navigation ult\u00e9rieure sur le site, et ont \u00e9galement vocation \u00e0 permettre diverses mesures de fr\u00e9quentation.<\/p>\n<p>Le refus d\u2019installation d\u2019un cookie peut entra\u00eener l\u2019impossibilit\u00e9 d\u2019acc\u00e9der \u00e0 certains services.<\/p>\n<p>Vous pouvez param\u00e9trer les cookies en suivant les instructions ci-dessous en fonction du navigateur que vous utilisez :<\/p>\n<p><strong>Sous Internet Explorer:<br \/>\n<\/strong>Cliquez sur Outils dans la partie sup\u00e9rieure de la fen\u00eatre du navigateur et s\u00e9lectionnez Options Internet. Dans la fen\u00eatre des options, cliquez sur l\u2019onglet Confidentialit\u00e9.<br \/>\nPour d\u00e9sactiver les cookies, placez le curseur tout en haut afin de bloquer tous les cookies.<br \/>\nPour plus d\u2019informations :\u00a0<a href=\"http:\/\/windows.microsoft.com\/fr-FR\/windows-vista\/Block-or-allow-cookies\">http:\/\/windows.microsoft.com\/fr-FR\/windows-vista\/Block-or-allow-cookies<\/a><\/p>\n<p>&nbsp;<\/p>\n<p><strong>Sous Firefox:<br \/>\n<\/strong>Cliquez sur Outils dans le menu du navigateur et s\u00e9lectionnez Options. S\u00e9lectionnez le volet Vie priv\u00e9e. Pour d\u00e9sactiver les cookies, d\u00e9s\u00e9lectionnez la case Accepter les cookies du Site.<br \/>\nPour plus d\u2019informations<br \/>\n<a href=\"http:\/\/support.mozilla.org\/fr\/kb\/Activer%20et%20d%C3%A9sactiver%20les%20cookies\">http:\/\/support.mozilla.org\/fr\/kb\/Activer%20et%20d%C3%A9sactiver%20les%2\u2026<\/a><\/p>\n<p>&nbsp;<\/p>\n<p><strong>Sous Google Chrome :<br \/>\n<\/strong>Cliquez sur le menu Chrome dans la barre d\u2019outils du navigateur. S\u00e9lectionnez l\u2019option Param\u00e8tres.<br \/>\nCliquez sur Afficher les param\u00e8tres avanc\u00e9s. Dans la section Confidentialit\u00e9, cliquez sur le bouton Param\u00e8tres de contenu, Cookie et donn\u00e9es de site. Vous avez ensuite la possibilit\u00e9 de tous les supprimer ou de les s\u00e9lectionner un par un.<br \/>\nPour plus d\u2019informations :<a href=\"https:\/\/support.google.com\/chrome\/answer\/95647?hl=fr&amp;hlrm=en\">https:\/\/support.google.com\/chrome\/answer\/95647?hl=fr&amp;hlrm=en<\/a><\/p>\n<p>&nbsp;<\/p>\n<p><strong>Sous Safari :<br \/>\n<\/strong>Allez \u00e0 R\u00e9glages &gt; Safari &gt; Effacer les cookies et les donn\u00e9es.<br \/>\nPour plus d\u2019informations :\u00a0<a href=\"http:\/\/support.apple.com\/kb\/HT1677?viewlocale=fr_FR\">http:\/\/support.apple.com\/kb\/HT1677?viewlocale=fr_FR<\/a><\/p>\n","protected":false},"excerpt":{"rendered":"<p>MENTIONS LEGALES Le blog Entreprenante Afrique est \u00e9dit\u00e9 par Investisseur et Partenaires (I&amp;P) et la Fondation pour les \u00e9tudes et recherches sur le d\u00e9veloppement international (Ferdi) en partenariat avec le Club Africain des Entrepreneurs. &nbsp; I&amp;P et la Ferdi sont situ\u00e9s : 9 rue Notre Dame des Victoires 75002 Paris &nbsp; Directeurs de publication : [&hellip;]<\/p>\n","protected":false},"author":1,"featured_media":0,"parent":0,"menu_order":0,"comment_status":"closed","ping_status":"closed","template":"","meta":{"footnotes":""},"coauthors":[],"class_list":["post-227","page","type-page","status-publish","hentry"],"yoast_head":"<!-- This site is optimized with the Yoast SEO plugin v25.9 - https:\/\/yoast.com\/wordpress\/plugins\/seo\/ -->\n<title>Mentions l\u00e9gales - Entreprenante Afrique<\/title>\n<meta name=\"robots\" content=\"index, follow, max-snippet:-1, max-image-preview:large, max-video-preview:-1\" \/>\n<link rel=\"canonical\" href=\"https:\/\/entreprenanteafrique.thenoklu-studio.com\/mentions-legales\/\" \/>\n<meta property=\"og:locale\" content=\"en_US\" \/>\n<meta property=\"og:type\" content=\"article\" \/>\n<meta property=\"og:title\" content=\"Mentions l\u00e9gales - Entreprenante Afrique\" \/>\n<meta property=\"og:description\" content=\"MENTIONS LEGALES Le blog Entreprenante Afrique est \u00e9dit\u00e9 par Investisseur et Partenaires (I&amp;P) et la Fondation pour les \u00e9tudes et recherches sur le d\u00e9veloppement international (Ferdi) en partenariat avec le Club Africain des Entrepreneurs. &nbsp; I&amp;P et la Ferdi sont situ\u00e9s : 9 rue Notre Dame des Victoires 75002 Paris &nbsp; Directeurs de publication : [&hellip;]\" \/>\n<meta property=\"og:url\" content=\"https:\/\/entreprenanteafrique.thenoklu-studio.com\/mentions-legales\/\" \/>\n<meta property=\"og:site_name\" content=\"Entreprenante Afrique\" \/>\n<meta name=\"twitter:card\" content=\"summary_large_image\" \/>\n<meta name=\"twitter:label1\" content=\"Est. reading time\" \/>\n\t<meta name=\"twitter:data1\" content=\"6 minutes\" \/>\n\t<meta name=\"twitter:label2\" content=\"Written by\" \/>\n\t<meta name=\"twitter:data2\" content=\"Administrateur\" \/>\n<script type=\"application\/ld+json\" class=\"yoast-schema-graph\">{\"@context\":\"https:\/\/schema.org\",\"@graph\":[{\"@type\":\"WebPage\",\"@id\":\"https:\/\/entreprenanteafrique.thenoklu-studio.com\/mentions-legales\/\",\"url\":\"https:\/\/entreprenanteafrique.thenoklu-studio.com\/mentions-legales\/\",\"name\":\"Mentions l\u00e9gales - Entreprenante Afrique\",\"isPartOf\":{\"@id\":\"https:\/\/entreprenanteafrique.thenoklu-studio.com\/#website\"},\"datePublished\":\"2018-08-16T14:34:44+00:00\",\"breadcrumb\":{\"@id\":\"https:\/\/entreprenanteafrique.thenoklu-studio.com\/mentions-legales\/#breadcrumb\"},\"inLanguage\":\"en-US\",\"potentialAction\":[{\"@type\":\"ReadAction\",\"target\":[\"https:\/\/entreprenanteafrique.thenoklu-studio.com\/mentions-legales\/\"]}]},{\"@type\":\"BreadcrumbList\",\"@id\":\"https:\/\/entreprenanteafrique.thenoklu-studio.com\/mentions-legales\/#breadcrumb\",\"itemListElement\":[{\"@type\":\"ListItem\",\"position\":1,\"name\":\"Accueil\",\"item\":\"https:\/\/entreprenanteafrique.thenoklu-studio.com\/\"},{\"@type\":\"ListItem\",\"position\":2,\"name\":\"Mentions l\u00e9gales\"}]},{\"@type\":\"WebSite\",\"@id\":\"https:\/\/entreprenanteafrique.thenoklu-studio.com\/#website\",\"url\":\"https:\/\/entreprenanteafrique.thenoklu-studio.com\/\",\"name\":\"Entreprenante Afrique\",\"description\":\"Penser et agir pour l\u2019entrepreneuriat en Afrique\",\"potentialAction\":[{\"@type\":\"SearchAction\",\"target\":{\"@type\":\"EntryPoint\",\"urlTemplate\":\"https:\/\/entreprenanteafrique.thenoklu-studio.com\/?s={search_term_string}\"},\"query-input\":{\"@type\":\"PropertyValueSpecification\",\"valueRequired\":true,\"valueName\":\"search_term_string\"}}],\"inLanguage\":\"en-US\"}]}<\/script>\n<!-- \/ Yoast SEO plugin. -->","yoast_head_json":{"title":"Mentions l\u00e9gales - Entreprenante Afrique","robots":{"index":"index","follow":"follow","max-snippet":"max-snippet:-1","max-image-preview":"max-image-preview:large","max-video-preview":"max-video-preview:-1"},"canonical":"https:\/\/entreprenanteafrique.thenoklu-studio.com\/mentions-legales\/","og_locale":"en_US","og_type":"article","og_title":"Mentions l\u00e9gales - Entreprenante Afrique","og_description":"MENTIONS LEGALES Le blog Entreprenante Afrique est \u00e9dit\u00e9 par Investisseur et Partenaires (I&amp;P) et la Fondation pour les \u00e9tudes et recherches sur le d\u00e9veloppement international (Ferdi) en partenariat avec le Club Africain des Entrepreneurs. &nbsp; I&amp;P et la Ferdi sont situ\u00e9s : 9 rue Notre Dame des Victoires 75002 Paris &nbsp; Directeurs de publication : [&hellip;]","og_url":"https:\/\/entreprenanteafrique.thenoklu-studio.com\/mentions-legales\/","og_site_name":"Entreprenante Afrique","twitter_card":"summary_large_image","twitter_misc":{"Est. reading time":"6 minutes","Written by":"Administrateur"},"schema":{"@context":"https:\/\/schema.org","@graph":[{"@type":"WebPage","@id":"https:\/\/entreprenanteafrique.thenoklu-studio.com\/mentions-legales\/","url":"https:\/\/entreprenanteafrique.thenoklu-studio.com\/mentions-legales\/","name":"Mentions l\u00e9gales - Entreprenante Afrique","isPartOf":{"@id":"https:\/\/entreprenanteafrique.thenoklu-studio.com\/#website"},"datePublished":"2018-08-16T14:34:44+00:00","breadcrumb":{"@id":"https:\/\/entreprenanteafrique.thenoklu-studio.com\/mentions-legales\/#breadcrumb"},"inLanguage":"en-US","potentialAction":[{"@type":"ReadAction","target":["https:\/\/entreprenanteafrique.thenoklu-studio.com\/mentions-legales\/"]}]},{"@type":"BreadcrumbList","@id":"https:\/\/entreprenanteafrique.thenoklu-studio.com\/mentions-legales\/#breadcrumb","itemListElement":[{"@type":"ListItem","position":1,"name":"Accueil","item":"https:\/\/entreprenanteafrique.thenoklu-studio.com\/"},{"@type":"ListItem","position":2,"name":"Mentions l\u00e9gales"}]},{"@type":"WebSite","@id":"https:\/\/entreprenanteafrique.thenoklu-studio.com\/#website","url":"https:\/\/entreprenanteafrique.thenoklu-studio.com\/","name":"Entreprenante Afrique","description":"Penser et agir pour l\u2019entrepreneuriat en Afrique","potentialAction":[{"@type":"SearchAction","target":{"@type":"EntryPoint","urlTemplate":"https:\/\/entreprenanteafrique.thenoklu-studio.com\/?s={search_term_string}"},"query-input":{"@type":"PropertyValueSpecification","valueRequired":true,"valueName":"search_term_string"}}],"inLanguage":"en-US"}]}},"_links":{"self":[{"href":"https:\/\/entreprenanteafrique.thenoklu-studio.com\/en\/wp-json\/wp\/v2\/pages\/227","targetHints":{"allow":["GET"]}}],"collection":[{"href":"https:\/\/entreprenanteafrique.thenoklu-studio.com\/en\/wp-json\/wp\/v2\/pages"}],"about":[{"href":"https:\/\/entreprenanteafrique.thenoklu-studio.com\/en\/wp-json\/wp\/v2\/types\/page"}],"author":[{"embeddable":true,"href":"https:\/\/entreprenanteafrique.thenoklu-studio.com\/en\/wp-json\/wp\/v2\/users\/1"}],"replies":[{"embeddable":true,"href":"https:\/\/entreprenanteafrique.thenoklu-studio.com\/en\/wp-json\/wp\/v2\/comments?post=227"}],"version-history":[{"count":0,"href":"https:\/\/entreprenanteafrique.thenoklu-studio.com\/en\/wp-json\/wp\/v2\/pages\/227\/revisions"}],"wp:attachment":[{"href":"https:\/\/entreprenanteafrique.thenoklu-studio.com\/en\/wp-json\/wp\/v2\/media?parent=227"}],"wp:term":[{"taxonomy":"author","embeddable":true,"href":"https:\/\/entreprenanteafrique.thenoklu-studio.com\/en\/wp-json\/wp\/v2\/coauthors?post=227"}],"curies":[{"name":"wp","href":"https:\/\/api.w.org\/{rel}","templated":true}]}}